{"id":206,"date":"2023-03-28T04:35:12","date_gmt":"2023-03-28T04:35:12","guid":{"rendered":"https:\/\/cozystay.loftocean.com\/apartment\/?page_id=206"},"modified":"2024-10-18T20:06:05","modified_gmt":"2024-10-18T20:06:05","slug":"contacto","status":"publish","type":"page","link":"https:\/\/aventhiaevents.com\/en\/contacto\/","title":{"rendered":"Contact"},"content":{"rendered":"<div data-elementor-type=\"wp-page\" data-elementor-id=\"206\" class=\"elementor elementor-206\">\n\t\t\t\t\t\t<section class=\"elementor-section elementor-top-section elementor-element elementor-element-2977c87c elementor-section-height-min-height cs-section-content-fullwidth cs-parallax-on-scroll cs_scroll_y_80 elementor-section-boxed elementor-section-height-default elementor-section-items-middle\" data-id=\"2977c87c\" data-element_type=\"section\" data-e-type=\"section\" data-settings=\"{&quot;background_background&quot;:&quot;classic&quot;}\" data-cs-parallax-y=\"80\" style=\"background-image: none;\" data-cs-background-image=\"https:\/\/aventhiaevents.com\/wp-content\/uploads\/2024\/10\/279950420_5115366595187559_1049642493962190290_n.jpg\">\n\t\t\t\t\t\t\t<div class=\"elementor-background-overlay\"><\/div>\n\t\t\t\t\t\t\t<div class=\"elementor-container elementor-column-gap-no\">\n\t\t\t\t\t<div class=\"elementor-column elementor-col-100 elementor-top-column elementor-element elementor-element-784d8ad dark-color\" data-id=\"784d8ad\" data-element_type=\"column\" data-e-type=\"column\">\n\t\t\t<div class=\"elementor-widget-wrap elementor-element-populated\">\n\t\t\t\t\t\t<div class=\"elementor-element elementor-element-1a64c3d7 elementor-widget elementor-widget-cs_title\" data-id=\"1a64c3d7\" data-element_type=\"widget\" data-e-type=\"widget\" data-widget_type=\"cs_title.default\">\n\t\t\t\t<div class=\"elementor-widget-container\">\n\t\t\t\t\t\n        <div class=\"cs-title-wrap text-center\">\t            <h1 class=\"cs-title\">\n\t                Contact\t            <\/h1>\t            <div class=\"cs-title-text\">\n\t                <p>You are one step away from the event of your dreams.<\/p>\t            <\/div>        <\/div>\t\t\t\t<\/div>\n\t\t\t\t<\/div>\n\t\t\t\t\t<\/div>\n\t\t<\/div>\n\t\t\t\t\t<\/div>\n\t\t<\/section>\n\t\t\t\t<section class=\"elementor-section elementor-top-section elementor-element elementor-element-02b5c4f elementor-section-content-middle cs-section-content-fullwidth cs-animation-small-offset elementor-section-boxed elementor-section-height-default elementor-section-height-default elementor-invisible\" data-id=\"02b5c4f\" data-element_type=\"section\" data-e-type=\"section\" data-settings=\"{&quot;background_background&quot;:&quot;classic&quot;,&quot;animation&quot;:&quot;fadeInUp&quot;,&quot;animation_delay&quot;:200}\">\n\t\t\t\t\t\t<div class=\"elementor-container elementor-column-gap-no\">\n\t\t\t\t\t<div class=\"elementor-column elementor-col-100 elementor-top-column elementor-element elementor-element-1e73da8\" data-id=\"1e73da8\" data-element_type=\"column\" data-e-type=\"column\">\n\t\t\t<div class=\"elementor-widget-wrap elementor-element-populated\">\n\t\t\t\t\t\t<div class=\"elementor-element elementor-element-faf97e5 elementor-widget elementor-widget-cs_title\" data-id=\"faf97e5\" data-element_type=\"widget\" data-e-type=\"widget\" data-widget_type=\"cs_title.default\">\n\t\t\t\t<div class=\"elementor-widget-container\">\n\t\t\t\t\t\n        <div class=\"cs-title-wrap text-center\">\t            <div class=\"cs-subtitle-wrap\"><span class=\"cs-subtitle\">contact form<\/span><\/div>\t            <div class=\"cs-title-text\">\n\t                <p><span style=\"color: #333333;\">Fill out the contact form and an Aventhia advisor will contact you.<\/span><\/p>\t            <\/div>        <\/div>\t\t\t\t<\/div>\n\t\t\t\t<\/div>\n\t\t\t\t<div class=\"elementor-element elementor-element-920688c elementor-widget elementor-widget-html\" data-id=\"920688c\" data-element_type=\"widget\" data-e-type=\"widget\" data-widget_type=\"html.default\">\n\t\t\t\t<div class=\"elementor-widget-container\">\n\t\t\t\t\t<script charset=\"utf-8\" type=\"text\/javascript\" src=\"\/\/js.hsforms.net\/forms\/embed\/v2.js\"><\/script>\n<script>\n  hbspt.forms.create({\n    portalId: \"47783839\",\n    formId: \"8b29bbea-3bec-47af-ab2a-3ce1b7b521c0\"\n  });\n<\/script>\t\t\t\t<\/div>\n\t\t\t\t<\/div>\n\t\t\t\t<div class=\"elementor-element elementor-element-ec3fc7f elementor-widget elementor-widget-cs_title\" data-id=\"ec3fc7f\" data-element_type=\"widget\" data-e-type=\"widget\" data-widget_type=\"cs_title.default\">\n\t\t\t\t<div class=\"elementor-widget-container\">\n\t\t\t\t\t\n        <div class=\"cs-title-wrap text-center\">\t            <div class=\"cs-title-text\">\n\t                <p><span style=\"color: #000000;\"><span style=\"color: #333333;\">The personal data collected will be protected, incorporated and processed in the corresponding Personal Data System, in accordance with the provisions of the Federal Law on Transparency and Access to Public Government Information and other applicable provisions.<\/span> <\/span><\/p>\t            <\/div>        <\/div>\t\t\t\t<\/div>\n\t\t\t\t<\/div>\n\t\t\t\t<div class=\"elementor-element elementor-element-f0089fd elementor-widget elementor-widget-cs_social\" data-id=\"f0089fd\" data-element_type=\"widget\" data-e-type=\"widget\" data-widget_type=\"cs_social.default\">\n\t\t\t\t<div class=\"elementor-widget-container\">\n\t\t\t\t\t<nav id=\"f0089fd-social-menu-container\" class=\"social-navigation\"><ul id=\"f0089fd-social-menu\" class=\"social-nav menu text-center\"><li class=\"menu-item menu-item-type-custom menu-item-object-custom menu-item-294\"><a href=\"https:\/\/www.instagram.com\/aventhia.ed\/\">Instagram<\/a><\/li>\n<li class=\"menu-item menu-item-type-custom menu-item-object-custom menu-item-290\"><a href=\"https:\/\/www.facebook.com\/profile.php?id=61565074382652\">Facebook<\/a><\/li>\n<\/ul><\/nav>\t\t\t\t<\/div>\n\t\t\t\t<\/div>\n\t\t\t\t<div class=\"elementor-element elementor-element-00d16c4 elementor-widget elementor-widget-spacer\" data-id=\"00d16c4\" data-element_type=\"widget\" data-e-type=\"widget\" data-widget_type=\"spacer.default\">\n\t\t\t\t<div class=\"elementor-widget-container\">\n\t\t\t\t\t\t\t<div class=\"elementor-spacer\">\n\t\t\t<div class=\"elementor-spacer-inner\"><\/div>\n\t\t<\/div>\n\t\t\t\t\t\t<\/div>\n\t\t\t\t<\/div>\n\t\t\t\t\t<\/div>\n\t\t<\/div>\n\t\t\t\t\t<\/div>\n\t\t<\/section>\n\t\t\t\t<\/div>","protected":false},"excerpt":{"rendered":"<p>Contacto Estas a un paso del evento de tus sue\u00f1os. formulario de cont\u00e1cto Llena el formulario de cont\u00e1cto y un asesor de Aventhia se pondr\u00e1 en cont\u00e1cto contigo. Los datos personales recabados ser\u00e1n protegidos, incorporados y tratados en el Sistema de Datos Personales correspondiente, de conformidad con lo dispuesto por la Ley Federal de Transparencia &#8230;<\/p>","protected":false},"author":1,"featured_media":0,"parent":0,"menu_order":0,"comment_status":"closed","ping_status":"closed","template":"template-wide-content.php","meta":{"cozystay_single_page_hide_site_header":"","cozystay_single_page_site_header_source":"","cozystay_single_page_custom_site_header":"0","cozystay_single_page_custom_sticky_site_header":"0","cozystay_single_page_hide_page_title":"on","cozystay_single_page_header_section_size":"","cozystay_single_page_header_background_color":"","cozystay_single_page_header_background_position_x":"center","cozystay_single_page_header_background_position_y":"center","cozystay_single_page_header_background_size":"cover","cozystay_single_page_header_background_repeat":"off","cozystay_single_page_header_background_scroll":"on","cozystay_single_page_header_text_color":"","cozystay_single_page_header_show_breadcrumb":"","cozystay_single_page_site_footer_hide_main":"","cozystay_single_custom_site_footer_main_source":"","cozystay_single_custom_site_footer_main":"0","cozystay_single_page_site_footer_hide_above":"","cozystay_single_custom_site_footer_above_source":"","cozystay_single_custom_site_footer_above":"0","cozystay_single_page_site_footer_hide_instagram":"","cozystay_single_page_site_footer_hide_bottom":"","cozystay_single_custom_mobile_menu_source":"","cozystay_single_custom_mobile_menu":"0","cozystay_single_custom_mobile_menu_animation":"","cozystay_single_custom_mobile_menu_width":"","cozystay_single_custom_mobile_menu_custom_width":375,"footnotes":""},"class_list":["post-206","page","type-page","status-publish","hentry"],"yoast_head":"<!-- This site is optimized with the Yoast SEO plugin v24.2 - https:\/\/yoast.com\/wordpress\/plugins\/seo\/ -->\n<title>Contacto - Wedding Planner<\/title>\n<meta name=\"robots\" content=\"index, follow, max-snippet:-1, max-image-preview:large, max-video-preview:-1\" \/>\n<link rel=\"canonical\" href=\"https:\/\/aventhiaevents.com\/en\/contacto\/\" \/>\n<meta property=\"og:locale\" content=\"en_US\" \/>\n<meta property=\"og:type\" content=\"article\" \/>\n<meta property=\"og:title\" content=\"Contacto - Wedding Planner\" \/>\n<meta property=\"og:description\" content=\"Contacto Estas a un paso del evento de tus sue\u00f1os. formulario de cont\u00e1cto Llena el formulario de cont\u00e1cto y un asesor de Aventhia se pondr\u00e1 en cont\u00e1cto contigo. Los datos personales recabados ser\u00e1n protegidos, incorporados y tratados en el Sistema de Datos Personales correspondiente, de conformidad con lo dispuesto por la Ley Federal de Transparencia ...\" \/>\n<meta property=\"og:url\" content=\"https:\/\/aventhiaevents.com\/en\/contacto\/\" \/>\n<meta property=\"og:site_name\" content=\"Wedding Planner\" \/>\n<meta property=\"article:modified_time\" content=\"2024-10-18T20:06:05+00:00\" \/>\n<meta name=\"twitter:card\" content=\"summary_large_image\" \/>\n<meta name=\"twitter:label1\" content=\"Est. reading time\" \/>\n\t<meta name=\"twitter:data1\" content=\"1 minute\" \/>\n<script type=\"application\/ld+json\" class=\"yoast-schema-graph\">{\"@context\":\"https:\/\/schema.org\",\"@graph\":[{\"@type\":\"WebPage\",\"@id\":\"https:\/\/aventhiaevents.com\/contacto\/\",\"url\":\"https:\/\/aventhiaevents.com\/contacto\/\",\"name\":\"Contacto - Wedding Planner\",\"isPartOf\":{\"@id\":\"https:\/\/aventhiaevents.com\/#website\"},\"datePublished\":\"2023-03-28T04:35:12+00:00\",\"dateModified\":\"2024-10-18T20:06:05+00:00\",\"breadcrumb\":{\"@id\":\"https:\/\/aventhiaevents.com\/contacto\/#breadcrumb\"},\"inLanguage\":\"en-US\",\"potentialAction\":[{\"@type\":\"ReadAction\",\"target\":[\"https:\/\/aventhiaevents.com\/contacto\/\"]}]},{\"@type\":\"BreadcrumbList\",\"@id\":\"https:\/\/aventhiaevents.com\/contacto\/#breadcrumb\",\"itemListElement\":[{\"@type\":\"ListItem\",\"position\":1,\"name\":\"Inicio\",\"item\":\"https:\/\/aventhiaevents.com\/\"},{\"@type\":\"ListItem\",\"position\":2,\"name\":\"Contacto\"}]},{\"@type\":\"WebSite\",\"@id\":\"https:\/\/aventhiaevents.com\/#website\",\"url\":\"https:\/\/aventhiaevents.com\/\",\"name\":\"Wedding Planner\",\"description\":\"Bodas en M\u00e9xico\",\"publisher\":{\"@id\":\"https:\/\/aventhiaevents.com\/#organization\"},\"potentialAction\":[{\"@type\":\"SearchAction\",\"target\":{\"@type\":\"EntryPoint\",\"urlTemplate\":\"https:\/\/aventhiaevents.com\/?s={search_term_string}\"},\"query-input\":{\"@type\":\"PropertyValueSpecification\",\"valueRequired\":true,\"valueName\":\"search_term_string\"}}],\"inLanguage\":\"en-US\"},{\"@type\":\"Organization\",\"@id\":\"https:\/\/aventhiaevents.com\/#organization\",\"name\":\"Wedding Planner\",\"url\":\"https:\/\/aventhiaevents.com\/\",\"logo\":{\"@type\":\"ImageObject\",\"inLanguage\":\"en-US\",\"@id\":\"https:\/\/aventhiaevents.com\/#\/schema\/logo\/image\/\",\"url\":\"https:\/\/aventhiaevents.com\/wp-content\/uploads\/2024\/10\/logo-pequeno-negro.png\",\"contentUrl\":\"https:\/\/aventhiaevents.com\/wp-content\/uploads\/2024\/10\/logo-pequeno-negro.png\",\"width\":1844,\"height\":387,\"caption\":\"Wedding Planner \"},\"image\":{\"@id\":\"https:\/\/aventhiaevents.com\/#\/schema\/logo\/image\/\"}}]}<\/script>\n<!-- \/ Yoast SEO plugin. -->","yoast_head_json":{"title":"Contacto - Wedding Planner","robots":{"index":"index","follow":"follow","max-snippet":"max-snippet:-1","max-image-preview":"max-image-preview:large","max-video-preview":"max-video-preview:-1"},"canonical":"https:\/\/aventhiaevents.com\/en\/contacto\/","og_locale":"en_US","og_type":"article","og_title":"Contacto - Wedding Planner","og_description":"Contacto Estas a un paso del evento de tus sue\u00f1os. formulario de cont\u00e1cto Llena el formulario de cont\u00e1cto y un asesor de Aventhia se pondr\u00e1 en cont\u00e1cto contigo. Los datos personales recabados ser\u00e1n protegidos, incorporados y tratados en el Sistema de Datos Personales correspondiente, de conformidad con lo dispuesto por la Ley Federal de Transparencia ...","og_url":"https:\/\/aventhiaevents.com\/en\/contacto\/","og_site_name":"Wedding Planner","article_modified_time":"2024-10-18T20:06:05+00:00","twitter_card":"summary_large_image","twitter_misc":{"Est. reading time":"1 minute"},"schema":{"@context":"https:\/\/schema.org","@graph":[{"@type":"WebPage","@id":"https:\/\/aventhiaevents.com\/contacto\/","url":"https:\/\/aventhiaevents.com\/contacto\/","name":"Contacto - Wedding Planner","isPartOf":{"@id":"https:\/\/aventhiaevents.com\/#website"},"datePublished":"2023-03-28T04:35:12+00:00","dateModified":"2024-10-18T20:06:05+00:00","breadcrumb":{"@id":"https:\/\/aventhiaevents.com\/contacto\/#breadcrumb"},"inLanguage":"en-US","potentialAction":[{"@type":"ReadAction","target":["https:\/\/aventhiaevents.com\/contacto\/"]}]},{"@type":"BreadcrumbList","@id":"https:\/\/aventhiaevents.com\/contacto\/#breadcrumb","itemListElement":[{"@type":"ListItem","position":1,"name":"Inicio","item":"https:\/\/aventhiaevents.com\/"},{"@type":"ListItem","position":2,"name":"Contacto"}]},{"@type":"WebSite","@id":"https:\/\/aventhiaevents.com\/#website","url":"https:\/\/aventhiaevents.com\/","name":"Wedding Planner","description":"Bodas en M\u00e9xico","publisher":{"@id":"https:\/\/aventhiaevents.com\/#organization"},"potentialAction":[{"@type":"SearchAction","target":{"@type":"EntryPoint","urlTemplate":"https:\/\/aventhiaevents.com\/?s={search_term_string}"},"query-input":{"@type":"PropertyValueSpecification","valueRequired":true,"valueName":"search_term_string"}}],"inLanguage":"en-US"},{"@type":"Organization","@id":"https:\/\/aventhiaevents.com\/#organization","name":"Wedding Planner","url":"https:\/\/aventhiaevents.com\/","logo":{"@type":"ImageObject","inLanguage":"en-US","@id":"https:\/\/aventhiaevents.com\/#\/schema\/logo\/image\/","url":"https:\/\/aventhiaevents.com\/wp-content\/uploads\/2024\/10\/logo-pequeno-negro.png","contentUrl":"https:\/\/aventhiaevents.com\/wp-content\/uploads\/2024\/10\/logo-pequeno-negro.png","width":1844,"height":387,"caption":"Wedding Planner "},"image":{"@id":"https:\/\/aventhiaevents.com\/#\/schema\/logo\/image\/"}}]}},"_links":{"self":[{"href":"https:\/\/aventhiaevents.com\/en\/wp-json\/wp\/v2\/pages\/206"}],"collection":[{"href":"https:\/\/aventhiaevents.com\/en\/wp-json\/wp\/v2\/pages"}],"about":[{"href":"https:\/\/aventhiaevents.com\/en\/wp-json\/wp\/v2\/types\/page"}],"author":[{"embeddable":true,"href":"https:\/\/aventhiaevents.com\/en\/wp-json\/wp\/v2\/users\/1"}],"replies":[{"embeddable":true,"href":"https:\/\/aventhiaevents.com\/en\/wp-json\/wp\/v2\/comments?post=206"}],"version-history":[{"count":29,"href":"https:\/\/aventhiaevents.com\/en\/wp-json\/wp\/v2\/pages\/206\/revisions"}],"predecessor-version":[{"id":2760,"href":"https:\/\/aventhiaevents.com\/en\/wp-json\/wp\/v2\/pages\/206\/revisions\/2760"}],"wp:attachment":[{"href":"https:\/\/aventhiaevents.com\/en\/wp-json\/wp\/v2\/media?parent=206"}],"curies":[{"name":"wp","href":"https:\/\/api.w.org\/{rel}","templated":true}]}}